{"id":161,"date":"2013-12-25T14:32:56","date_gmt":"2013-12-25T12:32:56","guid":{"rendered":"http:\/\/www.kamerakultur.de\/wordpress\/?page_id=161"},"modified":"2013-12-25T14:32:56","modified_gmt":"2013-12-25T12:32:56","slug":"impressum","status":"publish","type":"page","link":"https:\/\/www.kamerakultur.de\/?page_id=161","title":{"rendered":"Impressum"},"content":{"rendered":"<p>Daniel Abma<br \/>\nE-Mail via Kontaktformular<br \/>\nInternet: www.kamerakultur.de<\/p>\n<p>Inhaltlich Verantwortlicher gem\u00e4\u00df \u00a7 10 Absatz 3 MDStV: Daniel Abma (Anschrift wie oben)<\/p>\n<p>Haftungshinweis<br \/>\nTrotz sorgf\u00e4ltiger inhaltlicher Kontrolle \u00fcbernehmen wir keine Haftung f\u00fcr die Inhalte externer Links. F\u00fcr den Inhalt der verlinkten Seiten sind ausschlie\u00dflich deren Betreiber verantwortlich.<\/p>\n","protected":false},"excerpt":{"rendered":"<p>Daniel Abma E-Mail via Kontaktformular Internet: www.kamerakultur.de Inhaltlich Verantwortlicher gem\u00e4\u00df \u00a7 10 Absatz 3 MDStV: Daniel Abma (Anschrift wie oben) Haftungshinweis Trotz sorgf\u00e4ltiger inhaltlicher Kontrolle \u00fcbernehmen wir keine Haftung f\u00fcr die Inhalte externer Links. F\u00fcr [&hellip;]<\/p>\n","protected":false},"author":1,"featured_media":0,"parent":0,"menu_order":0,"comment_status":"closed","ping_status":"closed","template":"","meta":{"footnotes":""},"class_list":["post-161","page","type-page","status-publish","hentry","entry-card--text"],"_links":{"self":[{"href":"https:\/\/www.kamerakultur.de\/index.php?rest_route=\/wp\/v2\/pages\/161","targetHints":{"allow":["GET"]}}],"collection":[{"href":"https:\/\/www.kamerakultur.de\/index.php?rest_route=\/wp\/v2\/pages"}],"about":[{"href":"https:\/\/www.kamerakultur.de\/index.php?rest_route=\/wp\/v2\/types\/page"}],"author":[{"embeddable":true,"href":"https:\/\/www.kamerakultur.de\/index.php?rest_route=\/wp\/v2\/users\/1"}],"replies":[{"embeddable":true,"href":"https:\/\/www.kamerakultur.de\/index.php?rest_route=%2Fwp%2Fv2%2Fcomments&post=161"}],"version-history":[{"count":1,"href":"https:\/\/www.kamerakultur.de\/index.php?rest_route=\/wp\/v2\/pages\/161\/revisions"}],"predecessor-version":[{"id":162,"href":"https:\/\/www.kamerakultur.de\/index.php?rest_route=\/wp\/v2\/pages\/161\/revisions\/162"}],"wp:attachment":[{"href":"https:\/\/www.kamerakultur.de\/index.php?rest_route=%2Fwp%2Fv2%2Fmedia&parent=161"}],"curies":[{"name":"wp","href":"https:\/\/api.w.org\/{rel}","templated":true}]}}